{"id":508,"date":"2020-11-11T06:07:46","date_gmt":"2020-11-11T06:07:46","guid":{"rendered":"https:\/\/neurocomer.com.br\/?page_id=508"},"modified":"2026-01-22T18:42:11","modified_gmt":"2026-01-22T21:42:11","slug":"all-courses","status":"publish","type":"page","link":"https:\/\/neurocomer.com.br\/?page_id=508","title":{"rendered":"artigos"},"content":{"rendered":"\n<div class=\"wp-block-cover is-light\"><span aria-hidden=\"true\" class=\"wp-block-cover__background has-background-dim\" style=\"background-color:#c6c7c4\"><\/span><img loading=\"lazy\" decoding=\"async\" width=\"1080\" height=\"1080\" class=\"wp-block-cover__image-background wp-image-831\" alt=\"\" src=\"http:\/\/neurocomer.com.br\/wp-content\/uploads\/2024\/07\/1-1.png\" data-object-fit=\"cover\" srcset=\"https:\/\/neurocomer.com.br\/wp-content\/uploads\/2024\/07\/1-1.png 1080w, https:\/\/neurocomer.com.br\/wp-content\/uploads\/2024\/07\/1-1-300x300.png 300w, https:\/\/neurocomer.com.br\/wp-content\/uploads\/2024\/07\/1-1-1024x1024.png 1024w, https:\/\/neurocomer.com.br\/wp-content\/uploads\/2024\/07\/1-1-150x150.png 150w, https:\/\/neurocomer.com.br\/wp-content\/uploads\/2024\/07\/1-1-768x768.png 768w, https:\/\/neurocomer.com.br\/wp-content\/uploads\/2024\/07\/1-1-600x600.png 600w, https:\/\/neurocomer.com.br\/wp-content\/uploads\/2024\/07\/1-1-100x100.png 100w\" sizes=\"(max-width: 1080px) 100vw, 1080px\" \/><div class=\"wp-block-cover__inner-container is-layout-constrained wp-block-cover-is-layout-constrained\">\n<p class=\"has-text-align-center has-large-font-size\"><mark style=\"background-color:rgba(0, 0, 0, 0)\" class=\"has-inline-color has-ast-global-color-8-color\">Blog<\/mark><\/p>\n<\/div><\/div>\n\n\n\n<div class=\"wp-block-query is-layout-flow wp-block-query-is-layout-flow\"><ul class=\"wp-block-post-template is-layout-flow wp-block-post-template-is-layout-flow\"><li class=\"wp-block-post post-841 post type-post status-publish format-standard has-post-thumbnail hentry category-neurodiversidade\">\n\n<div class=\"wp-block-columns are-vertically-aligned-center is-layout-flex wp-container-core-columns-is-layout-1 wp-block-columns-is-layout-flex\">\n<div class=\"wp-block-column is-vertically-aligned-center is-layout-flow wp-block-column-is-layout-flow\" style=\"flex-basis:25%\"><figure class=\"wp-block-post-featured-image\"><a href=\"https:\/\/neurocomer.com.br\/?p=841\" target=\"_self\"  ><img loading=\"lazy\" decoding=\"async\" width=\"1080\" height=\"1080\" src=\"https:\/\/neurocomer.com.br\/wp-content\/uploads\/2024\/07\/4-1.png\" class=\"attachment-post-thumbnail size-post-thumbnail wp-post-image\" alt=\"Autismo e Obesidade: Desafios e Estrat\u00e9gias na Nutri\u00e7\u00e3o Comportamental\" style=\"object-fit:cover;\" srcset=\"https:\/\/neurocomer.com.br\/wp-content\/uploads\/2024\/07\/4-1.png 1080w, https:\/\/neurocomer.com.br\/wp-content\/uploads\/2024\/07\/4-1-300x300.png 300w, https:\/\/neurocomer.com.br\/wp-content\/uploads\/2024\/07\/4-1-1024x1024.png 1024w, https:\/\/neurocomer.com.br\/wp-content\/uploads\/2024\/07\/4-1-150x150.png 150w, https:\/\/neurocomer.com.br\/wp-content\/uploads\/2024\/07\/4-1-768x768.png 768w, https:\/\/neurocomer.com.br\/wp-content\/uploads\/2024\/07\/4-1-600x600.png 600w, https:\/\/neurocomer.com.br\/wp-content\/uploads\/2024\/07\/4-1-100x100.png 100w\" sizes=\"(max-width: 1080px) 100vw, 1080px\" \/><\/a><\/figure><\/div>\n\n\n\n<div class=\"wp-block-column is-vertically-aligned-center is-layout-flow wp-block-column-is-layout-flow\" style=\"flex-basis:75%\"><h2 class=\"wp-block-post-title\"><a href=\"https:\/\/neurocomer.com.br\/?p=841\" target=\"_self\" >Autismo e Obesidade: Desafios e Estrat\u00e9gias na Nutri\u00e7\u00e3o Comportamental<\/a><\/h2><\/div>\n<\/div>\n\n<\/li><li class=\"wp-block-post post-6 post type-post status-publish format-standard has-post-thumbnail hentry category-neurodiversidade\">\n\n<div class=\"wp-block-columns are-vertically-aligned-center is-layout-flex wp-container-core-columns-is-layout-2 wp-block-columns-is-layout-flex\">\n<div class=\"wp-block-column is-vertically-aligned-center is-layout-flow wp-block-column-is-layout-flow\" style=\"flex-basis:25%\"><figure class=\"wp-block-post-featured-image\"><a href=\"https:\/\/neurocomer.com.br\/?p=6\" target=\"_self\"  ><img loading=\"lazy\" decoding=\"async\" width=\"1080\" height=\"1080\" src=\"https:\/\/neurocomer.com.br\/wp-content\/uploads\/2024\/07\/2-1.png\" class=\"attachment-post-thumbnail size-post-thumbnail wp-post-image\" alt=\"Alimenta\u00e7\u00e3o e neurodiversidade: uma quest\u00e3o de inclus\u00e3o\" style=\"object-fit:cover;\" srcset=\"https:\/\/neurocomer.com.br\/wp-content\/uploads\/2024\/07\/2-1.png 1080w, https:\/\/neurocomer.com.br\/wp-content\/uploads\/2024\/07\/2-1-300x300.png 300w, https:\/\/neurocomer.com.br\/wp-content\/uploads\/2024\/07\/2-1-1024x1024.png 1024w, https:\/\/neurocomer.com.br\/wp-content\/uploads\/2024\/07\/2-1-150x150.png 150w, https:\/\/neurocomer.com.br\/wp-content\/uploads\/2024\/07\/2-1-768x768.png 768w, https:\/\/neurocomer.com.br\/wp-content\/uploads\/2024\/07\/2-1-600x600.png 600w, https:\/\/neurocomer.com.br\/wp-content\/uploads\/2024\/07\/2-1-100x100.png 100w\" sizes=\"(max-width: 1080px) 100vw, 1080px\" \/><\/a><\/figure><\/div>\n\n\n\n<div class=\"wp-block-column is-vertically-aligned-center is-layout-flow wp-block-column-is-layout-flow\" style=\"flex-basis:75%\"><h2 class=\"wp-block-post-title\"><a href=\"https:\/\/neurocomer.com.br\/?p=6\" target=\"_self\" >Alimenta\u00e7\u00e3o e neurodiversidade: uma quest\u00e3o de inclus\u00e3o<\/a><\/h2><\/div>\n<\/div>\n\n<\/li><li class=\"wp-block-post post-5 post type-post status-publish format-standard hentry category-sem-categoria\">\n\n<div class=\"wp-block-columns are-vertically-aligned-center is-layout-flex wp-container-core-columns-is-layout-3 wp-block-columns-is-layout-flex\">\n<div class=\"wp-block-column is-vertically-aligned-center is-layout-flow wp-block-column-is-layout-flow\" style=\"flex-basis:25%\"><\/div>\n\n\n\n<div class=\"wp-block-column is-vertically-aligned-center is-layout-flow wp-block-column-is-layout-flow\" style=\"flex-basis:75%\"><h2 class=\"wp-block-post-title\"><a href=\"https:\/\/neurocomer.com.br\/?p=5\" target=\"_self\" >Alimentao para pessoas neuroatpicas: como lidar com as particularidades?<\/a><\/h2><\/div>\n<\/div>\n\n<\/li><li class=\"wp-block-post post-4 post type-post status-publish format-standard hentry category-sem-categoria\">\n\n<div class=\"wp-block-columns are-vertically-aligned-center is-layout-flex wp-container-core-columns-is-layout-4 wp-block-columns-is-layout-flex\">\n<div class=\"wp-block-column is-vertically-aligned-center is-layout-flow wp-block-column-is-layout-flow\" style=\"flex-basis:25%\"><\/div>\n\n\n\n<div class=\"wp-block-column is-vertically-aligned-center is-layout-flow wp-block-column-is-layout-flow\" style=\"flex-basis:75%\"><h2 class=\"wp-block-post-title\"><a href=\"https:\/\/neurocomer.com.br\/?p=4\" target=\"_self\" >5 estratgias para tornar a alimentao de pessoas neuroatpicas mais fcil<\/a><\/h2><\/div>\n<\/div>\n\n<\/li><\/ul><\/div>\n","protected":false},"excerpt":{"rendered":"","protected":false},"author":1,"featured_media":0,"parent":0,"menu_order":0,"comment_status":"closed","ping_status":"closed","template":"","meta":{"_monsterinsights_skip_tracking":false,"_monsterinsights_sitenote_active":false,"_monsterinsights_sitenote_note":"","_monsterinsights_sitenote_category":0,"site-sidebar-layout":"no-sidebar","site-content-layout":"page-builder","ast-site-content-layout":"","site-content-style":"default","site-sidebar-style":"default","ast-global-header-display":"","ast-banner-title-visibility":"","ast-main-header-display":"","ast-hfb-above-header-display":"","ast-hfb-below-header-display":"","ast-hfb-mobile-header-display":"","site-post-title":"disabled","ast-breadcrumbs-content":"","ast-featured-img":"disabled","footer-sml-layout":"","theme-transparent-header-meta":"enabled","adv-header-id-meta":"","stick-header-meta":"","header-above-stick-meta":"","header-main-stick-meta":"","header-below-stick-meta":"","astra-migrate-meta-layouts":"default","ast-page-background-enabled":"default","ast-page-background-meta":{"desktop":{"background-color":"","background-image":"","background-repeat":"repeat","background-position":"center center","background-size":"auto","background-attachment":"scroll","background-type":"","background-media":"","overlay-type":"","overlay-color":"","overlay-opacity":"","overlay-gradient":""},"tablet":{"background-color":"","background-image":"","background-repeat":"repeat","background-position":"center center","background-size":"auto","background-attachment":"scroll","background-type":"","background-media":"","overlay-type":"","overlay-color":"","overlay-opacity":"","overlay-gradient":""},"mobile":{"background-color":"","background-image":"","background-repeat":"repeat","background-position":"center center","background-size":"auto","background-attachment":"scroll","background-type":"","background-media":"","overlay-type":"","overlay-color":"","overlay-opacity":"","overlay-gradient":""}},"ast-content-background-meta":{"desktop":{"background-color":"var(--ast-global-color-5)","background-image":"","background-repeat":"repeat","background-position":"center center","background-size":"auto","background-attachment":"scroll","background-type":"","background-media":"","overlay-type":"","overlay-color":"","overlay-opacity":"","overlay-gradient":""},"tablet":{"background-color":"var(--ast-global-color-5)","background-image":"","background-repeat":"repeat","background-position":"center center","background-size":"auto","background-attachment":"scroll","background-type":"","background-media":"","overlay-type":"","overlay-color":"","overlay-opacity":"","overlay-gradient":""},"mobile":{"background-color":"var(--ast-global-color-5)","background-image":"","background-repeat":"repeat","background-position":"center center","background-size":"auto","background-attachment":"scroll","background-type":"","background-media":"","overlay-type":"","overlay-color":"","overlay-opacity":"","overlay-gradient":""}},"footnotes":"[]"},"class_list":["post-508","page","type-page","status-publish","hentry"],"yoast_head":"<!-- This site is optimized with the Yoast SEO plugin v20.10 - https:\/\/yoast.com\/wordpress\/plugins\/seo\/ -->\n<title>artigos - Neurocomer - Nutri\u00e7\u00e3o, Comportamento e Neurodiversidade<\/title>\n<meta name=\"robots\" content=\"index, follow, max-snippet:-1, max-image-preview:large, max-video-preview:-1\" \/>\n<link rel=\"canonical\" href=\"https:\/\/neurocomer.com.br\/?page_id=508\" \/>\n<meta property=\"og:locale\" content=\"en_US\" \/>\n<meta property=\"og:type\" content=\"article\" \/>\n<meta property=\"og:title\" content=\"artigos - Neurocomer - Nutri\u00e7\u00e3o, Comportamento e Neurodiversidade\" \/>\n<meta property=\"og:url\" content=\"https:\/\/neurocomer.com.br\/?page_id=508\" \/>\n<meta property=\"og:site_name\" content=\"Neurocomer - Nutri\u00e7\u00e3o, Comportamento e Neurodiversidade\" \/>\n<meta property=\"article:publisher\" content=\"https:\/\/www.facebook.com\/neurocomer\" \/>\n<meta property=\"article:modified_time\" content=\"2026-01-22T21:42:11+00:00\" \/>\n<meta property=\"og:image\" content=\"http:\/\/neurocomer.com.br\/wp-content\/uploads\/2024\/07\/1-1.png\" \/>\n<meta name=\"twitter:card\" content=\"summary_large_image\" \/>\n<meta name=\"twitter:label1\" content=\"Est. reading time\" \/>\n\t<meta name=\"twitter:data1\" content=\"1 minute\" \/>\n<script type=\"application\/ld+json\" class=\"yoast-schema-graph\">{\"@context\":\"https:\/\/schema.org\",\"@graph\":[{\"@type\":\"WebPage\",\"@id\":\"https:\/\/neurocomer.com.br\/?page_id=508\",\"url\":\"https:\/\/neurocomer.com.br\/?page_id=508\",\"name\":\"artigos - Neurocomer - Nutri\u00e7\u00e3o, Comportamento e Neurodiversidade\",\"isPartOf\":{\"@id\":\"https:\/\/neurocomer.com.br\/#website\"},\"datePublished\":\"2020-11-11T06:07:46+00:00\",\"dateModified\":\"2026-01-22T21:42:11+00:00\",\"breadcrumb\":{\"@id\":\"https:\/\/neurocomer.com.br\/?page_id=508#breadcrumb\"},\"inLanguage\":\"en-US\",\"potentialAction\":[{\"@type\":\"ReadAction\",\"target\":[\"https:\/\/neurocomer.com.br\/?page_id=508\"]}]},{\"@type\":\"BreadcrumbList\",\"@id\":\"https:\/\/neurocomer.com.br\/?page_id=508#breadcrumb\",\"itemListElement\":[{\"@type\":\"ListItem\",\"position\":1,\"name\":\"In\u00edcio\",\"item\":\"https:\/\/neurocomer.com.br\/\"},{\"@type\":\"ListItem\",\"position\":2,\"name\":\"artigos\"}]},{\"@type\":\"WebSite\",\"@id\":\"https:\/\/neurocomer.com.br\/#website\",\"url\":\"https:\/\/neurocomer.com.br\/\",\"name\":\"Neurocomer - Nutri\u00e7\u00e3o, Comportamento e Neurodiversidade\",\"description\":\"\",\"publisher\":{\"@id\":\"https:\/\/neurocomer.com.br\/#organization\"},\"alternateName\":\"Neurocomer\",\"potentialAction\":[{\"@type\":\"SearchAction\",\"target\":{\"@type\":\"EntryPoint\",\"urlTemplate\":\"https:\/\/neurocomer.com.br\/?s={search_term_string}\"},\"query-input\":\"required name=search_term_string\"}],\"inLanguage\":\"en-US\"},{\"@type\":\"Organization\",\"@id\":\"https:\/\/neurocomer.com.br\/#organization\",\"name\":\"Neurocomer\",\"url\":\"https:\/\/neurocomer.com.br\/\",\"logo\":{\"@type\":\"ImageObject\",\"inLanguage\":\"en-US\",\"@id\":\"https:\/\/neurocomer.com.br\/#\/schema\/logo\/image\/\",\"url\":\"https:\/\/neurocomer.com.br\/wp-content\/uploads\/2023\/06\/Neurocomer-baixa.png\",\"contentUrl\":\"https:\/\/neurocomer.com.br\/wp-content\/uploads\/2023\/06\/Neurocomer-baixa.png\",\"width\":400,\"height\":93,\"caption\":\"Neurocomer\"},\"image\":{\"@id\":\"https:\/\/neurocomer.com.br\/#\/schema\/logo\/image\/\"},\"sameAs\":[\"https:\/\/www.facebook.com\/neurocomer\",\"https:\/\/www.instagram.com\/neurocomer\"]}]}<\/script>\n<!-- \/ Yoast SEO plugin. -->","yoast_head_json":{"title":"artigos - Neurocomer - Nutri\u00e7\u00e3o, Comportamento e Neurodiversidade","robots":{"index":"index","follow":"follow","max-snippet":"max-snippet:-1","max-image-preview":"max-image-preview:large","max-video-preview":"max-video-preview:-1"},"canonical":"https:\/\/neurocomer.com.br\/?page_id=508","og_locale":"en_US","og_type":"article","og_title":"artigos - Neurocomer - Nutri\u00e7\u00e3o, Comportamento e Neurodiversidade","og_url":"https:\/\/neurocomer.com.br\/?page_id=508","og_site_name":"Neurocomer - Nutri\u00e7\u00e3o, Comportamento e Neurodiversidade","article_publisher":"https:\/\/www.facebook.com\/neurocomer","article_modified_time":"2026-01-22T21:42:11+00:00","og_image":[{"url":"http:\/\/neurocomer.com.br\/wp-content\/uploads\/2024\/07\/1-1.png"}],"twitter_card":"summary_large_image","twitter_misc":{"Est. reading time":"1 minute"},"schema":{"@context":"https:\/\/schema.org","@graph":[{"@type":"WebPage","@id":"https:\/\/neurocomer.com.br\/?page_id=508","url":"https:\/\/neurocomer.com.br\/?page_id=508","name":"artigos - Neurocomer - Nutri\u00e7\u00e3o, Comportamento e Neurodiversidade","isPartOf":{"@id":"https:\/\/neurocomer.com.br\/#website"},"datePublished":"2020-11-11T06:07:46+00:00","dateModified":"2026-01-22T21:42:11+00:00","breadcrumb":{"@id":"https:\/\/neurocomer.com.br\/?page_id=508#breadcrumb"},"inLanguage":"en-US","potentialAction":[{"@type":"ReadAction","target":["https:\/\/neurocomer.com.br\/?page_id=508"]}]},{"@type":"BreadcrumbList","@id":"https:\/\/neurocomer.com.br\/?page_id=508#breadcrumb","itemListElement":[{"@type":"ListItem","position":1,"name":"In\u00edcio","item":"https:\/\/neurocomer.com.br\/"},{"@type":"ListItem","position":2,"name":"artigos"}]},{"@type":"WebSite","@id":"https:\/\/neurocomer.com.br\/#website","url":"https:\/\/neurocomer.com.br\/","name":"Neurocomer - Nutri\u00e7\u00e3o, Comportamento e Neurodiversidade","description":"","publisher":{"@id":"https:\/\/neurocomer.com.br\/#organization"},"alternateName":"Neurocomer","potentialAction":[{"@type":"SearchAction","target":{"@type":"EntryPoint","urlTemplate":"https:\/\/neurocomer.com.br\/?s={search_term_string}"},"query-input":"required name=search_term_string"}],"inLanguage":"en-US"},{"@type":"Organization","@id":"https:\/\/neurocomer.com.br\/#organization","name":"Neurocomer","url":"https:\/\/neurocomer.com.br\/","logo":{"@type":"ImageObject","inLanguage":"en-US","@id":"https:\/\/neurocomer.com.br\/#\/schema\/logo\/image\/","url":"https:\/\/neurocomer.com.br\/wp-content\/uploads\/2023\/06\/Neurocomer-baixa.png","contentUrl":"https:\/\/neurocomer.com.br\/wp-content\/uploads\/2023\/06\/Neurocomer-baixa.png","width":400,"height":93,"caption":"Neurocomer"},"image":{"@id":"https:\/\/neurocomer.com.br\/#\/schema\/logo\/image\/"},"sameAs":["https:\/\/www.facebook.com\/neurocomer","https:\/\/www.instagram.com\/neurocomer"]}]}},"_links":{"self":[{"href":"https:\/\/neurocomer.com.br\/index.php?rest_route=\/wp\/v2\/pages\/508"}],"collection":[{"href":"https:\/\/neurocomer.com.br\/index.php?rest_route=\/wp\/v2\/pages"}],"about":[{"href":"https:\/\/neurocomer.com.br\/index.php?rest_route=\/wp\/v2\/types\/page"}],"author":[{"embeddable":true,"href":"https:\/\/neurocomer.com.br\/index.php?rest_route=\/wp\/v2\/users\/1"}],"replies":[{"embeddable":true,"href":"https:\/\/neurocomer.com.br\/index.php?rest_route=%2Fwp%2Fv2%2Fcomments&post=508"}],"version-history":[{"count":7,"href":"https:\/\/neurocomer.com.br\/index.php?rest_route=\/wp\/v2\/pages\/508\/revisions"}],"predecessor-version":[{"id":869,"href":"https:\/\/neurocomer.com.br\/index.php?rest_route=\/wp\/v2\/pages\/508\/revisions\/869"}],"wp:attachment":[{"href":"https:\/\/neurocomer.com.br\/index.php?rest_route=%2Fwp%2Fv2%2Fmedia&parent=508"}],"curies":[{"name":"wp","href":"https:\/\/api.w.org\/{rel}","templated":true}]}}