{"id":506,"date":"2020-11-11T06:07:00","date_gmt":"2020-11-11T09:07:00","guid":{"rendered":"https:\/\/neurocomer.com.br\/?page_id=506"},"modified":"2023-06-28T19:25:20","modified_gmt":"2023-06-28T22:25:20","slug":"sobre-nos","status":"publish","type":"page","link":"https:\/\/neurocomer.com.br\/?page_id=506","title":{"rendered":"Sobre N\u00f3s"},"content":{"rendered":"\n\n\t<h1>\n\t\t\t\t\tSobre N\u00f3s\n\t\t\t\t<\/h1>\n\t\t\t<p>Porta platea eget tincidunt nunc massa sed fermentum felis, vel, egestas nec interdum et scelerisque blandit nunc faucibus et adipiscing diam cursus aenean nulla.<\/p>\n\t<p>Mauris auctor sit consequat sed aenean purus egestas porta vel fermentum, nec nisi at eget non, nisi tincidunt tempus, etiam eget blandit tortor pulvinar est faucibus tristique blandit volutpat neque sit fusce.<\/p>\n\t<h5>\n\t\t\t\t\tMark Odinson\n\t\t\t\t<\/h5>\n\t\t\t<p>Founder<\/p>\n\t<h3>\n\t\t\t\t\tNossos N\u00fameros\n\t\t\t\t<\/h3>\n\t<h2>\n\t\t\t\t\t200+\n\t\t\t\t<\/h2>\n\t\t\t<p>Cursos<\/p>\n\t<h2>\n\t\t\t\t\t30\n\t\t\t\t<\/h2>\n\t\t\t<p>Instrutores<\/p>\n\t<h2>\n\t\t\t\t\t4000+\n\t\t\t\t<\/h2>\n\t\t\t<p>Estudantes<\/p>\n\t<h6>\n\t\t\t\t\tNossa Vis\u00e3o\n\t\t\t\t<\/h6>\n\t<h5>\n\t\t\t\t\tCursus blandit eget duis proin orci cursus id faucibus id a amet egestas nullam eget ridiculus pellentesque arcu ac vel eu nunc.\n\t\t\t\t<\/h5>\n\t\t\t<p>Est cras vulputate vitae varius mauris et tristique nibh mauris, elementum, pulvinar ultricies enim vel sed et laoreet ultricies leo ac fringilla id pretium dictumst nibh urna dictum vestibulum in quis venenatis vestibulum in lacus, at ut eget vel in mauris facilisis et mattis elementum.<\/p>\n\t<h6>\n\t\t\t\t\tNossa Miss\u00e3o\n\t\t\t\t<\/h6>\n\t<h5>\n\t\t\t\t\tMalesuada elementum ante mattis ipsum faucibus turpis at scelerisque elit turpis augue elit nisl sit nibh risus accumsan vitae euismod amet, nibh sed velit.\n\t\t\t\t<\/h5>\n\t\t\t<p>Tristique quam augue ac mi ut habitasse id molestie ultrices dignissim elit consectetur ac eget eleifend id id et vestibulum posuere condimentum hendrerit senectus vel dolor mattis et eget vulputate nisl elit.<\/p>\n\t<ul>\n\t\t<li>\t\t\t\t\n\t\t<p>Molestie ultrices<\/p>\n<\/li><li>\t\t\t\t\n\t\t<p>Vestibulum posuere<\/p>\n<\/li><li>\t\t\t\t\n\t\t<p>Condimentum hendrerit<\/p>\n<\/li>\t<\/ul>\n\t<ul>\n\t\t<li>\t\t\t\t\n\t\t<p>Quam placerat laoreet<\/p>\n<\/li><li>\t\t\t\t\n\t\t<p>Praesent tempor<\/p>\n<\/li><li>\t\t\t\t\n\t\t<p>Lectus lacus tellus<\/p>\n<\/li>\t<\/ul>\n\t<h6>\n\t\t\t\t\tIndustry Experts\n\t\t\t\t<\/h6>\n\t\t\t\n\t<h2>\n\t\t\t\t\tMeet The Instructors\n\t\t\t\t<\/h2>\n\t\t\t\n\t\t\t\t<img decoding=\"async\" src=\"https:\/\/neurocomer.com.br\/wp-content\/uploads\/bb-plugin\/cache\/online-coding-course-instructor-1-circle.jpg\" alt=\"online-coding-course-instructor-1\" itemprop=\"image\"\/>\n\t<h5>\n\t\t\t\t\tJohn Aston\n\t\t\t\t<\/h5>\n\t\t\t<p>Web Development Instructor<\/p>\n\t\t\t\t<img decoding=\"async\" src=\"https:\/\/neurocomer.com.br\/wp-content\/uploads\/bb-plugin\/cache\/online-coding-course-instructor-4-circle.jpg\" alt=\"online-coding-course-instructor-4\" itemprop=\"image\"\/>\n\t<h5>\n\t\t\t\t\tErika Mina\n\t\t\t\t<\/h5>\n\t\t\t<p>Mobile Development Instructor<\/p>\n\t\t\t\t<img decoding=\"async\" src=\"https:\/\/neurocomer.com.br\/wp-content\/uploads\/bb-plugin\/cache\/online-coding-course-instructor-2-circle.jpg\" alt=\"online-coding-course-instructor-2\" itemprop=\"image\"\/>\n\t<h5>\n\t\t\t\t\tAmy Rose\n\t\t\t\t<\/h5>\n\t\t\t<p>Machine Learning Instructor<\/p>\n\t\t\t\t<img decoding=\"async\" src=\"https:\/\/neurocomer.com.br\/wp-content\/uploads\/bb-plugin\/cache\/online-coding-course-instructor-3-circle.jpg\" alt=\"online-coding-course-instructor-3\" itemprop=\"image\"\/>\n\t<h5>\n\t\t\t\t\tAdrian Cruz\n\t\t\t\t<\/h5>\n\t\t\t<p>Data Science Instructor<\/p>\n\t<h6>\n\t\t\t\t\tSubscribe\n\t\t\t\t<\/h6>\n\t\t\t\n\t<h2>\n\t\t\t\t\tAll Access Membership\n\t\t\t\t<\/h2>\n\t\t\t<p>Dictum enim vel in consectetur arcu nunc habitasse mattis vitae accumsan, etiam ultrices eget non tincidunt.<\/p>\n\t\t\t<a href=\"#\" target=\"_self\" role=\"button\" rel=\"noopener\">\n\t\t\t\t\t\tSubscribe &#038; Save\n\t\t<\/a>\n\n","protected":false},"excerpt":{"rendered":"<p>Sobre N\u00f3s Porta platea eget tincidunt nunc massa sed fermentum felis, vel, egestas nec interdum et scelerisque blandit nunc faucibus et adipiscing diam cursus aenean nulla. Mauris auctor sit consequat sed aenean purus egestas porta vel fermentum, nec nisi at eget non, nisi tincidunt tempus, etiam eget blandit tortor pulvinar est faucibus tristique blandit volutpat [&hellip;]<\/p>\n","protected":false},"author":1,"featured_media":0,"parent":0,"menu_order":0,"comment_status":"closed","ping_status":"closed","template":"","meta":{"_monsterinsights_skip_tracking":false,"_monsterinsights_sitenote_active":false,"_monsterinsights_sitenote_note":"","_monsterinsights_sitenote_category":0,"site-sidebar-layout":"no-sidebar","site-content-layout":"page-builder","ast-site-content-layout":"","site-content-style":"default","site-sidebar-style":"default","ast-global-header-display":"","ast-banner-title-visibility":"","ast-main-header-display":"","ast-hfb-above-header-display":"","ast-hfb-below-header-display":"","ast-hfb-mobile-header-display":"","site-post-title":"disabled","ast-breadcrumbs-content":"","ast-featured-img":"disabled","footer-sml-layout":"","theme-transparent-header-meta":"enabled","adv-header-id-meta":"","stick-header-meta":"","header-above-stick-meta":"","header-main-stick-meta":"","header-below-stick-meta":"","astra-migrate-meta-layouts":"default","ast-page-background-enabled":"default","ast-page-background-meta":{"desktop":{"background-color":"","background-image":"","background-repeat":"repeat","background-position":"center center","background-size":"auto","background-attachment":"scroll","background-type":"","background-media":"","overlay-type":"","overlay-color":"","overlay-opacity":"","overlay-gradient":""},"tablet":{"background-color":"","background-image":"","background-repeat":"repeat","background-position":"center center","background-size":"auto","background-attachment":"scroll","background-type":"","background-media":"","overlay-type":"","overlay-color":"","overlay-opacity":"","overlay-gradient":""},"mobile":{"background-color":"","background-image":"","background-repeat":"repeat","background-position":"center center","background-size":"auto","background-attachment":"scroll","background-type":"","background-media":"","overlay-type":"","overlay-color":"","overlay-opacity":"","overlay-gradient":""}},"ast-content-background-meta":{"desktop":{"background-color":"var(--ast-global-color-5)","background-image":"","background-repeat":"repeat","background-position":"center center","background-size":"auto","background-attachment":"scroll","background-type":"","background-media":"","overlay-type":"","overlay-color":"","overlay-opacity":"","overlay-gradient":""},"tablet":{"background-color":"var(--ast-global-color-5)","background-image":"","background-repeat":"repeat","background-position":"center center","background-size":"auto","background-attachment":"scroll","background-type":"","background-media":"","overlay-type":"","overlay-color":"","overlay-opacity":"","overlay-gradient":""},"mobile":{"background-color":"var(--ast-global-color-5)","background-image":"","background-repeat":"repeat","background-position":"center center","background-size":"auto","background-attachment":"scroll","background-type":"","background-media":"","overlay-type":"","overlay-color":"","overlay-opacity":"","overlay-gradient":""}},"footnotes":""},"class_list":["post-506","page","type-page","status-publish","hentry"],"yoast_head":"<!-- This site is optimized with the Yoast SEO plugin v20.10 - https:\/\/yoast.com\/wordpress\/plugins\/seo\/ -->\n<title>Sobre N\u00f3s - Neurocomer - Nutri\u00e7\u00e3o, Comportamento e Neurodiversidade<\/title>\n<meta name=\"robots\" content=\"index, follow, max-snippet:-1, max-image-preview:large, max-video-preview:-1\" \/>\n<link rel=\"canonical\" href=\"https:\/\/neurocomer.com.br\/?page_id=506\" \/>\n<meta property=\"og:locale\" content=\"en_US\" \/>\n<meta property=\"og:type\" content=\"article\" \/>\n<meta property=\"og:title\" content=\"Sobre N\u00f3s - Neurocomer - Nutri\u00e7\u00e3o, Comportamento e Neurodiversidade\" \/>\n<meta property=\"og:description\" content=\"Sobre N\u00f3s Porta platea eget tincidunt nunc massa sed fermentum felis, vel, egestas nec interdum et scelerisque blandit nunc faucibus et adipiscing diam cursus aenean nulla. Mauris auctor sit consequat sed aenean purus egestas porta vel fermentum, nec nisi at eget non, nisi tincidunt tempus, etiam eget blandit tortor pulvinar est faucibus tristique blandit volutpat [&hellip;]\" \/>\n<meta property=\"og:url\" content=\"https:\/\/neurocomer.com.br\/?page_id=506\" \/>\n<meta property=\"og:site_name\" content=\"Neurocomer - Nutri\u00e7\u00e3o, Comportamento e Neurodiversidade\" \/>\n<meta property=\"article:publisher\" content=\"https:\/\/www.facebook.com\/neurocomer\" \/>\n<meta property=\"article:modified_time\" content=\"2023-06-28T22:25:20+00:00\" \/>\n<meta property=\"og:image\" content=\"https:\/\/neurocomer.com.br\/wp-content\/uploads\/bb-plugin\/cache\/online-coding-course-instructor-1-circle.jpg\" \/>\n<meta name=\"twitter:card\" content=\"summary_large_image\" \/>\n<script type=\"application\/ld+json\" class=\"yoast-schema-graph\">{\"@context\":\"https:\/\/schema.org\",\"@graph\":[{\"@type\":\"WebPage\",\"@id\":\"https:\/\/neurocomer.com.br\/?page_id=506\",\"url\":\"https:\/\/neurocomer.com.br\/?page_id=506\",\"name\":\"Sobre N\u00f3s - Neurocomer - Nutri\u00e7\u00e3o, Comportamento e Neurodiversidade\",\"isPartOf\":{\"@id\":\"https:\/\/neurocomer.com.br\/#website\"},\"datePublished\":\"2020-11-11T09:07:00+00:00\",\"dateModified\":\"2023-06-28T22:25:20+00:00\",\"breadcrumb\":{\"@id\":\"https:\/\/neurocomer.com.br\/?page_id=506#breadcrumb\"},\"inLanguage\":\"en-US\",\"potentialAction\":[{\"@type\":\"ReadAction\",\"target\":[\"https:\/\/neurocomer.com.br\/?page_id=506\"]}]},{\"@type\":\"BreadcrumbList\",\"@id\":\"https:\/\/neurocomer.com.br\/?page_id=506#breadcrumb\",\"itemListElement\":[{\"@type\":\"ListItem\",\"position\":1,\"name\":\"In\u00edcio\",\"item\":\"https:\/\/neurocomer.com.br\/\"},{\"@type\":\"ListItem\",\"position\":2,\"name\":\"Sobre N\u00f3s\"}]},{\"@type\":\"WebSite\",\"@id\":\"https:\/\/neurocomer.com.br\/#website\",\"url\":\"https:\/\/neurocomer.com.br\/\",\"name\":\"Neurocomer - Nutri\u00e7\u00e3o, Comportamento e Neurodiversidade\",\"description\":\"\",\"publisher\":{\"@id\":\"https:\/\/neurocomer.com.br\/#organization\"},\"alternateName\":\"Neurocomer\",\"potentialAction\":[{\"@type\":\"SearchAction\",\"target\":{\"@type\":\"EntryPoint\",\"urlTemplate\":\"https:\/\/neurocomer.com.br\/?s={search_term_string}\"},\"query-input\":\"required name=search_term_string\"}],\"inLanguage\":\"en-US\"},{\"@type\":\"Organization\",\"@id\":\"https:\/\/neurocomer.com.br\/#organization\",\"name\":\"Neurocomer\",\"url\":\"https:\/\/neurocomer.com.br\/\",\"logo\":{\"@type\":\"ImageObject\",\"inLanguage\":\"en-US\",\"@id\":\"https:\/\/neurocomer.com.br\/#\/schema\/logo\/image\/\",\"url\":\"https:\/\/neurocomer.com.br\/wp-content\/uploads\/2023\/06\/Neurocomer-baixa.png\",\"contentUrl\":\"https:\/\/neurocomer.com.br\/wp-content\/uploads\/2023\/06\/Neurocomer-baixa.png\",\"width\":400,\"height\":93,\"caption\":\"Neurocomer\"},\"image\":{\"@id\":\"https:\/\/neurocomer.com.br\/#\/schema\/logo\/image\/\"},\"sameAs\":[\"https:\/\/www.facebook.com\/neurocomer\",\"https:\/\/www.instagram.com\/neurocomer\"]}]}<\/script>\n<!-- \/ Yoast SEO plugin. -->","yoast_head_json":{"title":"Sobre N\u00f3s - Neurocomer - Nutri\u00e7\u00e3o, Comportamento e Neurodiversidade","robots":{"index":"index","follow":"follow","max-snippet":"max-snippet:-1","max-image-preview":"max-image-preview:large","max-video-preview":"max-video-preview:-1"},"canonical":"https:\/\/neurocomer.com.br\/?page_id=506","og_locale":"en_US","og_type":"article","og_title":"Sobre N\u00f3s - Neurocomer - Nutri\u00e7\u00e3o, Comportamento e Neurodiversidade","og_description":"Sobre N\u00f3s Porta platea eget tincidunt nunc massa sed fermentum felis, vel, egestas nec interdum et scelerisque blandit nunc faucibus et adipiscing diam cursus aenean nulla. Mauris auctor sit consequat sed aenean purus egestas porta vel fermentum, nec nisi at eget non, nisi tincidunt tempus, etiam eget blandit tortor pulvinar est faucibus tristique blandit volutpat [&hellip;]","og_url":"https:\/\/neurocomer.com.br\/?page_id=506","og_site_name":"Neurocomer - Nutri\u00e7\u00e3o, Comportamento e Neurodiversidade","article_publisher":"https:\/\/www.facebook.com\/neurocomer","article_modified_time":"2023-06-28T22:25:20+00:00","og_image":[{"url":"https:\/\/neurocomer.com.br\/wp-content\/uploads\/bb-plugin\/cache\/online-coding-course-instructor-1-circle.jpg"}],"twitter_card":"summary_large_image","schema":{"@context":"https:\/\/schema.org","@graph":[{"@type":"WebPage","@id":"https:\/\/neurocomer.com.br\/?page_id=506","url":"https:\/\/neurocomer.com.br\/?page_id=506","name":"Sobre N\u00f3s - Neurocomer - Nutri\u00e7\u00e3o, Comportamento e Neurodiversidade","isPartOf":{"@id":"https:\/\/neurocomer.com.br\/#website"},"datePublished":"2020-11-11T09:07:00+00:00","dateModified":"2023-06-28T22:25:20+00:00","breadcrumb":{"@id":"https:\/\/neurocomer.com.br\/?page_id=506#breadcrumb"},"inLanguage":"en-US","potentialAction":[{"@type":"ReadAction","target":["https:\/\/neurocomer.com.br\/?page_id=506"]}]},{"@type":"BreadcrumbList","@id":"https:\/\/neurocomer.com.br\/?page_id=506#breadcrumb","itemListElement":[{"@type":"ListItem","position":1,"name":"In\u00edcio","item":"https:\/\/neurocomer.com.br\/"},{"@type":"ListItem","position":2,"name":"Sobre N\u00f3s"}]},{"@type":"WebSite","@id":"https:\/\/neurocomer.com.br\/#website","url":"https:\/\/neurocomer.com.br\/","name":"Neurocomer - Nutri\u00e7\u00e3o, Comportamento e Neurodiversidade","description":"","publisher":{"@id":"https:\/\/neurocomer.com.br\/#organization"},"alternateName":"Neurocomer","potentialAction":[{"@type":"SearchAction","target":{"@type":"EntryPoint","urlTemplate":"https:\/\/neurocomer.com.br\/?s={search_term_string}"},"query-input":"required name=search_term_string"}],"inLanguage":"en-US"},{"@type":"Organization","@id":"https:\/\/neurocomer.com.br\/#organization","name":"Neurocomer","url":"https:\/\/neurocomer.com.br\/","logo":{"@type":"ImageObject","inLanguage":"en-US","@id":"https:\/\/neurocomer.com.br\/#\/schema\/logo\/image\/","url":"https:\/\/neurocomer.com.br\/wp-content\/uploads\/2023\/06\/Neurocomer-baixa.png","contentUrl":"https:\/\/neurocomer.com.br\/wp-content\/uploads\/2023\/06\/Neurocomer-baixa.png","width":400,"height":93,"caption":"Neurocomer"},"image":{"@id":"https:\/\/neurocomer.com.br\/#\/schema\/logo\/image\/"},"sameAs":["https:\/\/www.facebook.com\/neurocomer","https:\/\/www.instagram.com\/neurocomer"]}]}},"_links":{"self":[{"href":"https:\/\/neurocomer.com.br\/index.php?rest_route=\/wp\/v2\/pages\/506"}],"collection":[{"href":"https:\/\/neurocomer.com.br\/index.php?rest_route=\/wp\/v2\/pages"}],"about":[{"href":"https:\/\/neurocomer.com.br\/index.php?rest_route=\/wp\/v2\/types\/page"}],"author":[{"embeddable":true,"href":"https:\/\/neurocomer.com.br\/index.php?rest_route=\/wp\/v2\/users\/1"}],"replies":[{"embeddable":true,"href":"https:\/\/neurocomer.com.br\/index.php?rest_route=%2Fwp%2Fv2%2Fcomments&post=506"}],"version-history":[{"count":6,"href":"https:\/\/neurocomer.com.br\/index.php?rest_route=\/wp\/v2\/pages\/506\/revisions"}],"predecessor-version":[{"id":818,"href":"https:\/\/neurocomer.com.br\/index.php?rest_route=\/wp\/v2\/pages\/506\/revisions\/818"}],"wp:attachment":[{"href":"https:\/\/neurocomer.com.br\/index.php?rest_route=%2Fwp%2Fv2%2Fmedia&parent=506"}],"curies":[{"name":"wp","href":"https:\/\/api.w.org\/{rel}","templated":true}]}}